{"id":61,"date":"2024-10-04T22:45:41","date_gmt":"2024-10-04T20:45:41","guid":{"rendered":"https:\/\/lbog.hopto.org\/?page_id=61"},"modified":"2024-10-04T23:17:00","modified_gmt":"2024-10-04T21:17:00","slug":"__trashed","status":"publish","type":"page","link":"https:\/\/lbog.hopto.org\/?page_id=61","title":{"rendered":"Politique de confidentialit\u00e9"},"content":{"rendered":"\n<h2 class=\"wp-block-heading\">Qui sommes-nous&nbsp;?<\/h2>\n\n\n\n<p>Les Bonnes Ondes G\u00e2tinaises est association de type loi 1901 \u00e0 but non lucratif dont le but est de favoriser, d\u00e9velopper et promouvoir la culture, le sport, les loisirs et le vivre ensemble.<\/p>\n\n\n\n<h2 class=\"wp-block-heading\">Collecte de donn\u00e9es<\/h2>\n\n\n\n<p>L&rsquo;ensemble des donn\u00e9es collect\u00e9es par l&rsquo;interm\u00e9diaire des formulaires n&rsquo;est utilis\u00e9 qu&rsquo;afin de faciliter l&rsquo;organisation des \u00e9v\u00e8nements n\u00e9cessitant notamment une pr\u00e9inscription. Les donn\u00e9es ne sont ni utilis\u00e9es \u00e0 des fins commerciales, ni vendues, ni transmises \u00e0 un tiers. Elles restent en enti\u00e8re possession de l&rsquo;association et ne sont consultables que par les membres de l&rsquo;association et ce pour une dur\u00e9e limit\u00e9e. Chaque donn\u00e9e recueillie est supprim\u00e9e dans un d\u00e9lai maximum de trois mois \u00e0 compter de la fin de l&rsquo;\u00e9v\u00e8nement.<\/p>\n\n\n\n<p>Vous disposez, d&rsquo;un droit d&rsquo;acc\u00e8s \u00e0 vos donn\u00e9es \u00e0 caract\u00e8re personnel, \u00e0 la rectification ou \u00e0 l&rsquo;effacement de celles-ci, du droit de s&rsquo;opposer au traitement et du droit \u00e0 la portabilit\u00e9 des donn\u00e9es ou d&rsquo;introduire une r\u00e9clamation aupr\u00e8s d&rsquo;une autorit\u00e9 de contr\u00f4le.<\/p>\n\n\n\n<h2 class=\"wp-block-heading\">Nous contacter<\/h2>\n\n\n\n<ul class=\"wp-block-list\">\n<li>Par t\u00e9l\u00e9phone : 07 76 02 99 50<\/li>\n\n\n\n<li>Par mail : lesbonnesondesgatinaises@outlook.com <\/li>\n\n\n\n<li>Par courrier : 9 Lieu-dit Mizaudrie 79130 BEUGNON-THIREUIL<\/li>\n<\/ul>\n\n\n\n<p><\/p>\n","protected":false},"excerpt":{"rendered":"<p>Qui sommes-nous&nbsp;? Les Bonnes Ondes G\u00e2tinaises est association de type loi 1901 \u00e0 but non lucratif dont le but est [&hellip;]<\/p>\n","protected":false},"author":1,"featured_media":0,"parent":0,"menu_order":0,"comment_status":"closed","ping_status":"closed","template":"","meta":{"site-sidebar-layout":"default","site-content-layout":"","ast-site-content-layout":"default","site-content-style":"default","site-sidebar-style":"default","ast-global-header-display":"","ast-banner-title-visibility":"","ast-main-header-display":"","ast-hfb-above-header-display":"","ast-hfb-below-header-display":"","ast-hfb-mobile-header-display":"","site-post-title":"","ast-breadcrumbs-content":"","ast-featured-img":"","footer-sml-layout":"","theme-transparent-header-meta":"","adv-header-id-meta":"","stick-header-meta":"","header-above-stick-meta":"","header-main-stick-meta":"","header-below-stick-meta":"","astra-migrate-meta-layouts":"default","ast-page-background-enabled":"default","ast-page-background-meta":{"desktop":{"background-color":"var(--ast-global-color-4)","background-image":"","background-repeat":"repeat","background-position":"center center","background-size":"auto","background-attachment":"scroll","background-type":"","background-media":"","overlay-type":"","overlay-color":"","overlay-opacity":"","overlay-gradient":""},"tablet":{"background-color":"","background-image":"","background-repeat":"repeat","background-position":"center center","background-size":"auto","background-attachment":"scroll","background-type":"","background-media":"","overlay-type":"","overlay-color":"","overlay-opacity":"","overlay-gradient":""},"mobile":{"background-color":"","background-image":"","background-repeat":"repeat","background-position":"center center","background-size":"auto","background-attachment":"scroll","background-type":"","background-media":"","overlay-type":"","overlay-color":"","overlay-opacity":"","overlay-gradient":""}},"ast-content-background-meta":{"desktop":{"background-color":"var(--ast-global-color-5)","background-image":"","background-repeat":"repeat","background-position":"center center","background-size":"auto","background-attachment":"scroll","background-type":"","background-media":"","overlay-type":"","overlay-color":"","overlay-opacity":"","overlay-gradient":""},"tablet":{"background-color":"var(--ast-global-color-5)","background-image":"","background-repeat":"repeat","background-position":"center center","background-size":"auto","background-attachment":"scroll","background-type":"","background-media":"","overlay-type":"","overlay-color":"","overlay-opacity":"","overlay-gradient":""},"mobile":{"background-color":"var(--ast-global-color-5)","background-image":"","background-repeat":"repeat","background-position":"center center","background-size":"auto","background-attachment":"scroll","background-type":"","background-media":"","overlay-type":"","overlay-color":"","overlay-opacity":"","overlay-gradient":""}},"footnotes":""},"class_list":["post-61","page","type-page","status-publish","hentry"],"_links":{"self":[{"href":"https:\/\/lbog.hopto.org\/index.php?rest_route=\/wp\/v2\/pages\/61","targetHints":{"allow":["GET"]}}],"collection":[{"href":"https:\/\/lbog.hopto.org\/index.php?rest_route=\/wp\/v2\/pages"}],"about":[{"href":"https:\/\/lbog.hopto.org\/index.php?rest_route=\/wp\/v2\/types\/page"}],"author":[{"embeddable":true,"href":"https:\/\/lbog.hopto.org\/index.php?rest_route=\/wp\/v2\/users\/1"}],"replies":[{"embeddable":true,"href":"https:\/\/lbog.hopto.org\/index.php?rest_route=%2Fwp%2Fv2%2Fcomments&post=61"}],"version-history":[{"count":5,"href":"https:\/\/lbog.hopto.org\/index.php?rest_route=\/wp\/v2\/pages\/61\/revisions"}],"predecessor-version":[{"id":66,"href":"https:\/\/lbog.hopto.org\/index.php?rest_route=\/wp\/v2\/pages\/61\/revisions\/66"}],"wp:attachment":[{"href":"https:\/\/lbog.hopto.org\/index.php?rest_route=%2Fwp%2Fv2%2Fmedia&parent=61"}],"curies":[{"name":"wp","href":"https:\/\/api.w.org\/{rel}","templated":true}]}}